{"id":1629,"date":"2021-10-24T18:55:43","date_gmt":"2021-10-24T16:55:43","guid":{"rendered":"http:\/\/calldrone.fr\/?page_id=1629"},"modified":"2021-10-24T19:50:27","modified_gmt":"2021-10-24T17:50:27","slug":"releve-de-donnees","status":"publish","type":"page","link":"https:\/\/calldrone.fr\/?page_id=1629","title":{"rendered":"Relev\u00e9 de donn\u00e9es"},"content":{"rendered":"<div data-colibri-id=\"1629-c1\" class=\"style-1211 style-local-1629-c1 position-relative\">\n  <!---->\n  <div data-colibri-component=\"section\" data-colibri-id=\"1629-c2\" id=\"about\" class=\"h-section h-section-global-spacing d-flex align-items-lg-center align-items-md-center align-items-end style-1212 style-local-1629-c2 h-overflow-hidden position-relative\">\n    <div class=\"background-wrapper\">\n      <div class=\"background-layer background-layer-media-container-lg\">\n        <div data-enabled=\"true\" data-colibri-component=\"parallax\" class=\"background-layer paraxify\" style=\"background-image: url(&quot;https:\/\/calldrone.fr\/wp-content\/uploads\/2020\/06\/cropped-cropped-DSC_0246-scaled-e1591003997595-1-1.jpg&quot;);\" model-id=\"1629-c2\"\n          media=\"desktop\" is-preview=\"true\"><\/div>\n        <div class=\"overlay-layer\">\n          <div class=\"overlay-image-layer\" style=\"background-color: rgb(0, 0, 0); opacity: 0.4;\"><\/div>\n        <\/div>\n      <\/div>\n      <div class=\"background-layer background-layer-media-container-md\">\n        <div data-enabled=\"true\" data-colibri-component=\"parallax\" class=\"background-layer paraxify\" style=\"background-image: url(&quot;https:\/\/calldrone.fr\/wp-content\/uploads\/2020\/06\/cropped-cropped-DSC_0246-scaled-e1591003997595-1-1.jpg&quot;);\" model-id=\"1629-c2\"\n          media=\"tablet\" is-preview=\"true\"><\/div>\n        <div class=\"overlay-layer\">\n          <div class=\"overlay-image-layer\" style=\"background-color: rgb(0, 0, 0); opacity: 0.4;\"><\/div>\n        <\/div>\n      <\/div>\n      <div class=\"background-layer background-layer-media-container\">\n        <div data-enabled=\"true\" data-colibri-component=\"parallax\" class=\"background-layer paraxify\" style=\"background-image: url(&quot;https:\/\/calldrone.fr\/wp-content\/uploads\/2020\/06\/cropped-cropped-DSC_0246-scaled-e1591003997595-1-1.jpg&quot;);\" model-id=\"1629-c2\"\n          media=\"mobile\" is-preview=\"true\"><\/div>\n        <div class=\"overlay-layer\">\n          <div class=\"overlay-image-layer\" style=\"background-color: rgb(0, 0, 0); opacity: 0.4;\"><\/div>\n        <\/div>\n      <\/div>\n    <\/div>\n    <!---->\n    <div class=\"h-section-grid-container h-section-boxed-container\">\n      <!---->\n      <div data-colibri-id=\"1629-c3\" class=\"h-row-container gutters-row-lg-0 gutters-row-md-0 gutters-row-2 gutters-row-v-lg-0 gutters-row-v-md-0 gutters-row-v-0 style-1213 style-local-1629-c3 position-relative\">\n        <!---->\n        <div class=\"h-row justify-content-lg-start justify-content-md-start justify-content-center align-items-lg-stretch align-items-md-stretch align-items-stretch gutters-col-lg-0 gutters-col-md-0 gutters-col-2 gutters-col-v-lg-0 gutters-col-v-md-0 gutters-col-v-0\">\n          <!---->\n          <div class=\"h-column h-column-container d-flex h-col-lg-auto h-col-md-auto h-col-auto style-1214-outer style-local-1629-c4-outer\">\n            <div data-colibri-id=\"1629-c4\" class=\"d-flex h-flex-basis h-column__inner h-px-lg-2 h-px-md-2 h-px-0 v-inner-lg-2 v-inner-md-2 v-inner-0 style-1214 style-local-1629-c4 position-relative\">\n              <!---->\n              <!---->\n              <div class=\"w-100 h-y-container h-column__content h-column__v-align flex-basis-100 align-self-lg-end align-self-md-end align-self-end\">\n                <!---->\n                <div data-colibri-id=\"1629-c5\" class=\"h-global-transition-all h-heading style-1215 style-local-1629-c5 position-relative h-element\">\n                  <!---->\n                  <div class=\"h-heading__outer style-1215 style-local-1629-c5\">\n                    <!---->\n                    <!---->\n                    <h2 class=\"\">Relev\u00e9 de donn\u00e9es.<\/h2>\n                  <\/div>\n                <\/div>\n                <div data-colibri-id=\"1629-c6\" class=\"h-text h-text-component style-1216 style-local-1629-c6 position-relative h-element\">\n                  <!---->\n                  <!---->\n                  <div class=\"\">\n                    <p>Nous pouvons \u00e9quiper notre drone Matrice 600 Pro de votre mat\u00e9riel afin de r\u00e9aliser vos relev\u00e9s de donn\u00e9es. L&rsquo;imprimante 3D sera capable de fabriquer des pi\u00e8ces pour adapter au mieux votre plateforme mat\u00e9rielle \u00e0 notre drone.<\/p>\n                  <\/div>\n                <\/div>\n              <\/div>\n            <\/div>\n          <\/div>\n        <\/div>\n      <\/div>\n    <\/div>\n  <\/div>\n  <div data-colibri-component=\"section\" data-colibri-id=\"1629-c7\" id=\"overlappable\" class=\"h-section h-section-global-spacing d-flex align-items-lg-center align-items-md-center align-items-center style-1217 style-local-1629-c7 position-relative\">\n    <!---->\n    <!---->\n    <div class=\"h-section-grid-container h-section-boxed-container\">\n      <!---->\n      <div data-colibri-id=\"1629-c8\" class=\"h-row-container gutters-row-lg-0 gutters-row-md-0 gutters-row-2 gutters-row-v-lg-0 gutters-row-v-md-0 gutters-row-v-2 style-1218 style-local-1629-c8 position-relative\">\n        <!---->\n        <div class=\"h-row justify-content-lg-center justify-content-md-center justify-content-center align-items-lg-stretch align-items-md-stretch align-items-stretch gutters-col-lg-0 gutters-col-md-0 gutters-col-2 gutters-col-v-lg-0 gutters-col-v-md-0 gutters-col-v-2\">\n          <!---->\n          <div class=\"h-column h-column-container d-flex h-col-lg-4 h-col-md-4 h-col-12 style-1219-outer style-local-1629-c9-outer\">\n            <div data-colibri-id=\"1629-c9\" class=\"d-flex h-flex-basis h-column__inner h-px-lg-3 h-px-md-3 h-px-2 v-inner-lg-3 v-inner-md-3 v-inner-2 style-1219 style-local-1629-c9 position-relative\">\n              <!---->\n              <!---->\n              <div class=\"w-100 h-y-container h-column__content h-column__v-align flex-basis-100 align-self-lg-start align-self-md-start align-self-start\">\n                <!---->\n                <div data-colibri-id=\"1629-c10\" class=\"h-icon style-1220 style-local-1629-c10 position-relative h-element\">\n                  <!----><span class=\"h-svg-icon h-icon__icon style-1220-icon style-local-1629-c10-icon\"><!--Icon by Font Awesome (https:\/\/fontawesome.com)--><svg version=\"1.1\" xmlns=\"http:\/\/www.w3.org\/2000\/svg\" xmlns:xlink=\"http:\/\/www.w3.org\/1999\/xlink\" id=\"signal\" viewBox=\"0 0 1792 1896.0833\"><path d=\"M256 1440v192q0 14-9 23t-23 9H32q-14 0-23-9t-9-23v-192q0-14 9-23t23-9h192q14 0 23 9t9 23zm384-128v320q0 14-9 23t-23 9H416q-14 0-23-9t-9-23v-320q0-14 9-23t23-9h192q14 0 23 9t9 23zm384-256v576q0 14-9 23t-23 9H800q-14 0-23-9t-9-23v-576q0-14 9-23t23-9h192q14 0 23 9t9 23zm384-384v960q0 14-9 23t-23 9h-192q-14 0-23-9t-9-23V672q0-14 9-23t23-9h192q14 0 23 9t9 23zm384-512v1472q0 14-9 23t-23 9h-192q-14 0-23-9t-9-23V160q0-14 9-23t23-9h192q14 0 23 9t9 23z\"><\/path><\/svg><\/span><\/div>\n                <div\n                  data-colibri-id=\"1629-c11\" class=\"h-global-transition-all h-heading style-1221 style-local-1629-c11 position-relative h-element\">\n                  <!---->\n                  <div class=\"h-heading__outer style-1221 style-local-1629-c11\">\n                    <!---->\n                    <!---->\n                    <h5 class=\"\">Capteurs PROTOTYPEs<\/h5>\n                  <\/div>\n              <\/div>\n              <div data-colibri-id=\"1629-c12\" class=\"h-text h-text-component style-1222 style-local-1629-c12 position-relative h-element\">\n                <!---->\n                <!---->\n                <div class=\"\">\n                  <p>Nous pouvons adapter tous types de capteur sur notre plateforme, \u00e0 condition que celui-ci p\u00e8se moins de 6 kilos.\n                    <br>\n                  <\/p>\n                <\/div>\n              <\/div>\n            <\/div>\n          <\/div>\n        <\/div>\n        <div class=\"h-column h-column-container d-flex h-col-lg-4 h-col-md-4 h-col-12 style-1219-outer style-local-1629-c13-outer\">\n          <div data-colibri-id=\"1629-c13\" class=\"d-flex h-flex-basis h-column__inner h-px-lg-3 h-px-md-3 h-px-2 v-inner-lg-3 v-inner-md-3 v-inner-2 style-1219 style-local-1629-c13 position-relative\">\n            <!---->\n            <!---->\n            <div class=\"w-100 h-y-container h-column__content h-column__v-align flex-basis-100 align-self-lg-start align-self-md-start align-self-start\">\n              <!---->\n              <div data-colibri-id=\"1629-c14\" class=\"h-icon style-1220 style-local-1629-c14 position-relative h-element\">\n                <!----><span class=\"h-svg-icon h-icon__icon style-1220-icon style-local-1629-c14-icon\"><!--Icon by Font Awesome (https:\/\/fontawesome.com)--><svg version=\"1.1\" xmlns=\"http:\/\/www.w3.org\/2000\/svg\" xmlns:xlink=\"http:\/\/www.w3.org\/1999\/xlink\" id=\"rss\" viewBox=\"0 0 1438.6896 1896.0833\"><path d=\"M384 1344q0 80-56 136t-136 56-136-56-56-136 56-136 136-56 136 56 56 136zm512 123q2 28-17 48-18 21-47 21H697q-25 0-43-16.5t-20-41.5q-22-229-184.5-391.5T58 902q-25-2-41.5-20T0 839V704q0-29 21-47 17-17 43-17h5q160 13 306 80.5T634 902q114 113 181.5 259t80.5 306zm512 2q2 27-18 47-18 20-46 20h-143q-26 0-44.5-17.5T1137 1476q-12-215-101-408.5t-231.5-336-336-231.5T60 398q-25-1-42.5-19.5T0 335V192q0-28 20-46 18-18 44-18h3q262 13 501.5 120T994 542q187 186 294 425.5t120 501.5z\"><\/path><\/svg><\/span><\/div>\n              <div\n                data-colibri-id=\"1629-c15\" class=\"h-global-transition-all h-heading style-1221 style-local-1629-c15 position-relative h-element\">\n                <!---->\n                <div class=\"h-heading__outer style-1221 style-local-1629-c15\">\n                  <!---->\n                  <!---->\n                  <h5 class=\"\">Capteur Lidar <\/h5>\n                <\/div>\n            <\/div>\n            <div data-colibri-id=\"1629-c16\" class=\"h-text h-text-component style-1222 style-local-1629-c16 position-relative h-element\">\n              <!---->\n              <!---->\n              <div class=\"\">\n                <p>Nous travaillons avec le lidar VX-20-200 et Mapper de Yellowscan. Cependant nous pouvons monter d&rsquo;autres types de lidar.\n                  <br>\n                <\/p>\n                <p>&nbsp;<\/p>\n              <\/div>\n            <\/div>\n          <\/div>\n        <\/div>\n      <\/div>\n      <div class=\"h-column h-column-container d-flex h-col-lg-4 h-col-md-4 h-col-12 style-1219-outer style-local-1629-c17-outer\">\n        <div data-colibri-id=\"1629-c17\" class=\"d-flex h-flex-basis h-column__inner h-px-lg-3 h-px-md-3 h-px-2 v-inner-lg-3 v-inner-md-3 v-inner-2 style-1219 style-local-1629-c17 position-relative\">\n          <!---->\n          <!---->\n          <div class=\"w-100 h-y-container h-column__content h-column__v-align flex-basis-100 align-self-lg-start align-self-md-start align-self-start\">\n            <!---->\n            <div data-colibri-id=\"1629-c18\" class=\"h-icon style-1220 style-local-1629-c18 position-relative h-element\">\n              <!----><span class=\"h-svg-icon h-icon__icon style-1220-icon style-local-1629-c18-icon\"><!--Icon by Material Icons (https:\/\/material.io)--><svg version=\"1.1\" xmlns=\"http:\/\/www.w3.org\/2000\/svg\" xmlns:xlink=\"http:\/\/www.w3.org\/1999\/xlink\" id=\"leak_add\" viewBox=\"0 0 512 512\"><path d=\"M299 448q0-62 43.5-105.5T448 299v42q-44 0-75.5 31.5T341 448h-42zm85 0q0-26 19-45t45-19v64h-64zm-171 0q0-97 69-166t166-69v43q-80 0-136 56t-56 136h-43zm0-384q0 62-43.5 105.5T64 213v-42q44 0 75.5-31.5T171 64h42zm86 0q0 97-69 166T64 299v-43q80 0 136-56t56-136h43zm-171 0q0 26-19 45t-45 19V64h64z\"><\/path><\/svg><\/span><\/div>\n            <div\n              data-colibri-id=\"1629-c19\" class=\"h-global-transition-all h-heading style-1221 style-local-1629-c19 position-relative h-element\">\n              <!---->\n              <div class=\"h-heading__outer style-1221 style-local-1629-c19\">\n                <!---->\n                <!---->\n                <h5 class=\"\">recherches DIVERSES<\/h5>\n              <\/div>\n          <\/div>\n          <div data-colibri-id=\"1629-c20\" class=\"h-text h-text-component style-1222 style-local-1629-c20 position-relative h-element\">\n            <!---->\n            <!---->\n            <div class=\"\">\n              <p>Nous embarquons \u00e9galement les capteurs de type GPR (Ground Penetrating Radar), RPS (Radar \u00e0 P\u00e9n\u00e9tration de Sol).<\/p>\n              <p>\n                <br>\n              <\/p>\n            <\/div>\n          <\/div>\n        <\/div>\n      <\/div>\n    <\/div>\n  <\/div>\n<\/div>\n<\/div>\n<\/div>\n<div data-colibri-component=\"section\" data-colibri-id=\"1629-c21\" id=\"photo-gallery-2\" class=\"h-section h-section-global-spacing d-flex align-items-lg-center align-items-md-center align-items-center style-1223 style-local-1629-c21 position-relative\">\n  <!---->\n  <!---->\n  <div class=\"h-section-grid-container h-section-boxed-container\">\n    <div data-colibri-id=\"1629-c25\" class=\"h-row-container gutters-row-lg-2 gutters-row-md-2 gutters-row-2 gutters-row-v-lg-2 gutters-row-v-md-2 gutters-row-v-2 style-1227 style-local-1629-c25 position-relative\">\n      <!---->\n      <div class=\"h-row justify-content-lg-center justify-content-md-center justify-content-center align-items-lg-stretch align-items-md-stretch align-items-stretch gutters-col-lg-2 gutters-col-md-2 gutters-col-2 gutters-col-v-lg-2 gutters-col-v-md-2 gutters-col-v-2\">\n        <!---->\n        <div class=\"h-column h-column-container d-flex h-col-lg-auto h-col-md-auto h-col-auto style-1228-outer style-local-1629-c26-outer\">\n          <div data-colibri-id=\"1629-c26\" class=\"d-flex h-flex-basis h-column__inner h-px-lg-2 h-px-md-2 h-px-2 v-inner-lg-2 v-inner-md-2 v-inner-2 style-1228 style-local-1629-c26 position-relative\">\n            <!---->\n            <!---->\n            <div class=\"w-100 h-y-container h-column__content h-column__v-align flex-basis-100 align-self-lg-start align-self-md-start align-self-start\">\n              <!---->\n              <div data-colibri-id=\"1629-c27\" class=\"h-global-transition-all h-heading style-1229 style-local-1629-c27 position-relative h-element\">\n                <!---->\n                <div class=\"h-heading__outer style-1229 style-local-1629-c27\">\n                  <!---->\n                  <!---->\n                  <h2 class=\"\">Capteurs prototypes<\/h2>\n                <\/div>\n              <\/div>\n              <div data-colibri-id=\"1629-c28\" class=\"h-lead h-text h-text-component style-1230 style-local-1629-c28 position-relative h-element\">\n                <!---->\n                <!---->\n                <div class=\"\">\n                  <p>Voici quelques exemples de montage de capteurs prototypes.\n                    <br>\n                  <\/p>\n                <\/div>\n              <\/div>\n            <\/div>\n          <\/div>\n        <\/div>\n      <\/div>\n    <\/div>\n    <div data-colibri-id=\"1629-c22\" class=\"h-row-container gutters-row-lg-1 gutters-row-md-1 gutters-row-2 gutters-row-v-lg-1 gutters-row-v-md-1 gutters-row-v-2 style-1224 style-local-1629-c22 position-relative\">\n      <!---->\n      <div class=\"h-row justify-content-lg-center justify-content-md-center justify-content-center align-items-lg-stretch align-items-md-stretch align-items-stretch gutters-col-lg-1 gutters-col-md-1 gutters-col-2 gutters-col-v-lg-1 gutters-col-v-md-1 gutters-col-v-2\">\n        <!---->\n        <div class=\"h-column h-column-container d-flex h-col-lg-auto h-col-md-auto h-col-auto style-1225-outer style-local-1629-c23-outer\">\n          <div data-colibri-id=\"1629-c23\" class=\"d-flex h-flex-basis h-column__inner h-px-lg-1 h-px-md-1 h-px-2 v-inner-lg-1 v-inner-md-1 v-inner-2 style-1225 style-local-1629-c23 position-relative\">\n            <!---->\n            <!---->\n            <div class=\"w-100 h-y-container h-column__content h-column__v-align flex-basis-100 align-self-lg-start align-self-md-start align-self-start\">\n              <!---->\n              <div data-colibri-component=\"\" data-colibri-id=\"1629-c24\" class=\"h-photo-gallery margin-none caption-displayTrue caption-vertical-align-top style-1226 style-local-1629-c24 h-overflow-hidden position-relative h-element\">\n                <!---->\n                <div class=\"h-global-transition-all\"><div id='colibri-1629-c24' class='gallery-wrapper'>    <style type=\"text\/css\">\n\n        @media (min-width: 1023px) {        #colibri-1629-c24        dl {\n            float: left;\n            width: 33.333333333333% !important;\n            max-width: 33.333333333333% !important;\n            min-width: 33.333333333333% !important;\n        }\n\n        #colibri-1629-c24        dl:nth-of-type(3n +1 ) {\n            clear: both;\n        }\n\n        }@media (min-width: 768px) and (max-width: 1023px) {        #colibri-1629-c24        dl {\n            float: left;\n            width: 33.333333333333% !important;\n            max-width: 33.333333333333% !important;\n            min-width: 33.333333333333% !important;\n        }\n\n        #colibri-1629-c24        dl:nth-of-type(3n +1 ) {\n            clear: both;\n        }\n\n        }@media (max-width: 767px) {        #colibri-1629-c24        dl {\n            float: left;\n            width: 50% !important;\n            max-width: 50% !important;\n            min-width: 50% !important;\n        }\n\n        #colibri-1629-c24        dl:nth-of-type(2n +1 ) {\n            clear: both;\n        }\n\n        }\n        #colibri-1629-c24        .gallery-item {\n            position: relative;\n        }\n\n        \n    <\/style>\n    <div   class='colibri-1629-c24-dls-wrapper gallery-items-wrapper' ><dl class='gallery-item masonry-item'>\n\t\t\t<dt class='gallery-icon portrait'>\n\t\t\t\t<a data-fancybox=\"colibri-1629-c24-group\" href='https:\/\/calldrone.fr\/wp-content\/uploads\/2021\/10\/20191121_193328-scaled.jpg'><img loading=\"lazy\" decoding=\"async\"  width=\"768\" height=\"1024\" src=\"https:\/\/calldrone.fr\/wp-content\/uploads\/2021\/10\/20191121_193328-768x1024.jpg\"  class='colibri-1629-c24-image' alt=\"\" srcset=\"https:\/\/calldrone.fr\/wp-content\/uploads\/2021\/10\/20191121_193328-768x1024.jpg 768w, https:\/\/calldrone.fr\/wp-content\/uploads\/2021\/10\/20191121_193328-225x300.jpg 225w, https:\/\/calldrone.fr\/wp-content\/uploads\/2021\/10\/20191121_193328-1152x1536.jpg 1152w, https:\/\/calldrone.fr\/wp-content\/uploads\/2021\/10\/20191121_193328-1536x2048.jpg 1536w, https:\/\/calldrone.fr\/wp-content\/uploads\/2021\/10\/20191121_193328-scaled.jpg 1920w\" sizes=\"(max-width: 768px) 100vw, 768px\" \/><\/a>\n\t\t\t<\/dt><\/dl><dl class='gallery-item masonry-item'>\n\t\t\t<dt class='gallery-icon portrait'>\n\t\t\t\t<a data-fancybox=\"colibri-1629-c24-group\" href='https:\/\/calldrone.fr\/wp-content\/uploads\/2021\/10\/WhatsApp-Image-2021-10-24-at-19.41.53.jpeg'><img loading=\"lazy\" decoding=\"async\"  width=\"768\" height=\"1024\" src=\"https:\/\/calldrone.fr\/wp-content\/uploads\/2021\/10\/WhatsApp-Image-2021-10-24-at-19.41.53-768x1024.jpeg\"  class='colibri-1629-c24-image' alt=\"\" srcset=\"https:\/\/calldrone.fr\/wp-content\/uploads\/2021\/10\/WhatsApp-Image-2021-10-24-at-19.41.53-768x1024.jpeg 768w, https:\/\/calldrone.fr\/wp-content\/uploads\/2021\/10\/WhatsApp-Image-2021-10-24-at-19.41.53-225x300.jpeg 225w, https:\/\/calldrone.fr\/wp-content\/uploads\/2021\/10\/WhatsApp-Image-2021-10-24-at-19.41.53-1152x1536.jpeg 1152w, https:\/\/calldrone.fr\/wp-content\/uploads\/2021\/10\/WhatsApp-Image-2021-10-24-at-19.41.53.jpeg 1200w\" sizes=\"(max-width: 768px) 100vw, 768px\" \/><\/a>\n\t\t\t<\/dt><\/dl><dl class='gallery-item masonry-item'>\n\t\t\t<dt class='gallery-icon portrait'>\n\t\t\t\t<a data-fancybox=\"colibri-1629-c24-group\" href='https:\/\/calldrone.fr\/wp-content\/uploads\/2021\/10\/WhatsApp-Image-2021-10-24-at-19.44.20.jpeg'><img loading=\"lazy\" decoding=\"async\"  width=\"768\" height=\"1024\" src=\"https:\/\/calldrone.fr\/wp-content\/uploads\/2021\/10\/WhatsApp-Image-2021-10-24-at-19.44.20-768x1024.jpeg\"  class='colibri-1629-c24-image' alt=\"\" srcset=\"https:\/\/calldrone.fr\/wp-content\/uploads\/2021\/10\/WhatsApp-Image-2021-10-24-at-19.44.20-768x1024.jpeg 768w, https:\/\/calldrone.fr\/wp-content\/uploads\/2021\/10\/WhatsApp-Image-2021-10-24-at-19.44.20-225x300.jpeg 225w, https:\/\/calldrone.fr\/wp-content\/uploads\/2021\/10\/WhatsApp-Image-2021-10-24-at-19.44.20-1152x1536.jpeg 1152w, https:\/\/calldrone.fr\/wp-content\/uploads\/2021\/10\/WhatsApp-Image-2021-10-24-at-19.44.20.jpeg 1536w\" sizes=\"(max-width: 768px) 100vw, 768px\" \/><\/a>\n\t\t\t<\/dt><\/dl><dl class='gallery-item masonry-item'>\n\t\t\t<dt class='gallery-icon portrait'>\n\t\t\t\t<a data-fancybox=\"colibri-1629-c24-group\" href='https:\/\/calldrone.fr\/wp-content\/uploads\/2021\/10\/WhatsApp-Image-2021-10-24-at-19.45.38.jpeg'><img loading=\"lazy\" decoding=\"async\"  width=\"768\" height=\"1024\" src=\"https:\/\/calldrone.fr\/wp-content\/uploads\/2021\/10\/WhatsApp-Image-2021-10-24-at-19.45.38-768x1024.jpeg\"  class='colibri-1629-c24-image' alt=\"\" srcset=\"https:\/\/calldrone.fr\/wp-content\/uploads\/2021\/10\/WhatsApp-Image-2021-10-24-at-19.45.38-768x1024.jpeg 768w, https:\/\/calldrone.fr\/wp-content\/uploads\/2021\/10\/WhatsApp-Image-2021-10-24-at-19.45.38-225x300.jpeg 225w, https:\/\/calldrone.fr\/wp-content\/uploads\/2021\/10\/WhatsApp-Image-2021-10-24-at-19.45.38-1152x1536.jpeg 1152w, https:\/\/calldrone.fr\/wp-content\/uploads\/2021\/10\/WhatsApp-Image-2021-10-24-at-19.45.38.jpeg 1512w\" sizes=\"(max-width: 768px) 100vw, 768px\" \/><\/a>\n\t\t\t<\/dt><\/dl><dl class='gallery-item masonry-item'>\n\t\t\t<dt class='gallery-icon portrait'>\n\t\t\t\t<a data-fancybox=\"colibri-1629-c24-group\" href='https:\/\/calldrone.fr\/wp-content\/uploads\/2021\/10\/WhatsApp-Image-2021-10-24-at-19.46.03.jpeg'><img loading=\"lazy\" decoding=\"async\"  width=\"768\" height=\"1024\" src=\"https:\/\/calldrone.fr\/wp-content\/uploads\/2021\/10\/WhatsApp-Image-2021-10-24-at-19.46.03-768x1024.jpeg\"  class='colibri-1629-c24-image' alt=\"\" srcset=\"https:\/\/calldrone.fr\/wp-content\/uploads\/2021\/10\/WhatsApp-Image-2021-10-24-at-19.46.03-768x1024.jpeg 768w, https:\/\/calldrone.fr\/wp-content\/uploads\/2021\/10\/WhatsApp-Image-2021-10-24-at-19.46.03-225x300.jpeg 225w, https:\/\/calldrone.fr\/wp-content\/uploads\/2021\/10\/WhatsApp-Image-2021-10-24-at-19.46.03-1152x1536.jpeg 1152w, https:\/\/calldrone.fr\/wp-content\/uploads\/2021\/10\/WhatsApp-Image-2021-10-24-at-19.46.03.jpeg 1512w\" sizes=\"(max-width: 768px) 100vw, 768px\" \/><\/a>\n\t\t\t<\/dt><\/dl><dl class='gallery-item masonry-item'>\n\t\t\t<dt class='gallery-icon portrait'>\n\t\t\t\t<a data-fancybox=\"colibri-1629-c24-group\" href='https:\/\/calldrone.fr\/wp-content\/uploads\/2021\/10\/WhatsApp-Image-2021-10-24-at-19.46.36.jpeg'><img loading=\"lazy\" decoding=\"async\"  width=\"768\" height=\"1024\" src=\"https:\/\/calldrone.fr\/wp-content\/uploads\/2021\/10\/WhatsApp-Image-2021-10-24-at-19.46.36-768x1024.jpeg\"  class='colibri-1629-c24-image' alt=\"\" srcset=\"https:\/\/calldrone.fr\/wp-content\/uploads\/2021\/10\/WhatsApp-Image-2021-10-24-at-19.46.36-768x1024.jpeg 768w, https:\/\/calldrone.fr\/wp-content\/uploads\/2021\/10\/WhatsApp-Image-2021-10-24-at-19.46.36-225x300.jpeg 225w, https:\/\/calldrone.fr\/wp-content\/uploads\/2021\/10\/WhatsApp-Image-2021-10-24-at-19.46.36-1152x1536.jpeg 1152w, https:\/\/calldrone.fr\/wp-content\/uploads\/2021\/10\/WhatsApp-Image-2021-10-24-at-19.46.36.jpeg 1512w\" sizes=\"(max-width: 768px) 100vw, 768px\" \/><\/a>\n\t\t\t<\/dt><\/dl>\n\t\t\t\n\t\t<\/div>\n<style>#colibri-1629-c24 .wp-caption-text.gallery-caption{display:none;}<\/style><\/div><\/div>\n              <\/div>\n            <\/div>\n          <\/div>\n        <\/div>\n      <\/div>\n    <\/div>\n  <\/div>\n<\/div>\n<\/div>","protected":false},"excerpt":{"rendered":"<p>Relev\u00e9 de donn\u00e9es. Nous pouvons \u00e9quiper notre drone Matrice 600 Pro de votre mat\u00e9riel afin de r\u00e9aliser vos relev\u00e9s de donn\u00e9es. L&rsquo;imprimante 3D sera capable de fabriquer des pi\u00e8ces pour adapter au mieux votre plateforme mat\u00e9rielle \u00e0 notre drone. Capteurs PROTOTYPEs Nous pouvons adapter tous types de capteur sur notre plateforme, \u00e0 condition que celui-ci [&hellip;]<\/p>\n","protected":false},"author":1,"featured_media":0,"parent":0,"menu_order":0,"comment_status":"closed","ping_status":"closed","template":"page-templates\/full-width-page.php","meta":{"_monsterinsights_skip_tracking":false,"_monsterinsights_sitenote_active":false,"_monsterinsights_sitenote_note":"","_monsterinsights_sitenote_category":0,"footnotes":""},"_links":{"self":[{"href":"https:\/\/calldrone.fr\/index.php?rest_route=\/wp\/v2\/pages\/1629"}],"collection":[{"href":"https:\/\/calldrone.fr\/index.php?rest_route=\/wp\/v2\/pages"}],"about":[{"href":"https:\/\/calldrone.fr\/index.php?rest_route=\/wp\/v2\/types\/page"}],"author":[{"embeddable":true,"href":"https:\/\/calldrone.fr\/index.php?rest_route=\/wp\/v2\/users\/1"}],"replies":[{"embeddable":true,"href":"https:\/\/calldrone.fr\/index.php?rest_route=%2Fwp%2Fv2%2Fcomments&post=1629"}],"version-history":[{"count":6,"href":"https:\/\/calldrone.fr\/index.php?rest_route=\/wp\/v2\/pages\/1629\/revisions"}],"predecessor-version":[{"id":1662,"href":"https:\/\/calldrone.fr\/index.php?rest_route=\/wp\/v2\/pages\/1629\/revisions\/1662"}],"wp:attachment":[{"href":"https:\/\/calldrone.fr\/index.php?rest_route=%2Fwp%2Fv2%2Fmedia&parent=1629"}],"curies":[{"name":"wp","href":"https:\/\/api.w.org\/{rel}","templated":true}]}}